{"id":1413,"date":"2019-08-08T08:43:38","date_gmt":"2019-08-08T11:43:38","guid":{"rendered":"http:\/\/www.ipremburitama.sp.gov.br\/site\/?page_id=1413"},"modified":"2019-08-08T08:43:38","modified_gmt":"2019-08-08T11:43:38","slug":"demonstrativos-2","status":"publish","type":"page","link":"https:\/\/teste.vtec.net.br\/index.php\/demonstrativos-2\/","title":{"rendered":"Demonstrativos"},"content":{"rendered":"<p><center><a href=\"http:\/\/cadprev.previdencia.gov.br\/Cadprev\/faces\/pages\/modulos\/didf\/consultarDemonstrativos.xhtml\" target=\"_blank\" rel=\"noopener\"><strong>Clique aqui para acessar o CADPREV e Consultar Informa\u00e7\u00f5es P\u00fablicas do Demonstrativos das Aplica\u00e7\u00f5es e Investimentos dos Recursos<\/strong><\/a><\/center><br \/>\n<a href=\"http:\/\/cadprev.previdencia.gov.br\/Cadprev\/faces\/pages\/modulos\/didf\/consultarDemonstrativos.xhtml\" target=\"_blank\" rel=\"noopener\"><strong>DPIN &#8211; Demonstrativo de Pol\u00edtica de Investimentos<\/strong><\/a><\/p>\n<p><a href=\"http:\/\/cadprev.previdencia.gov.br\/Cadprev\/faces\/pages\/modulos\/didf\/consultarDemonstrativos.xhtml\" target=\"_blank\" rel=\"noopener\"><strong>DAIR &#8211; Demonstrativo de Aplica\u00e7\u00f5es e Investimentos dos Recursos<\/strong><\/a><\/p>\n<p><a href=\"http:\/\/cadprev.previdencia.gov.br\/Cadprev\/faces\/pages\/modulos\/didf\/consultarDemonstrativos.xhtml\" target=\"_blank\" rel=\"noopener\"><strong>DIPR \u2013 Demonstrativo de Informa\u00e7\u00f5es Previdenci\u00e1rias e Repasse<\/strong><\/a><\/p>\n","protected":false},"excerpt":{"rendered":"<p>Clique aqui para acessar o CADPREV e Consultar Informa\u00e7\u00f5es P\u00fablicas do Demonstrativos das Aplica\u00e7\u00f5es e Investimentos dos Recursos DPIN &#8211; Demonstrativo de Pol\u00edtica de Investimentos DAIR &#8211; Demonstrativo de Aplica\u00e7\u00f5es e Investimentos dos Recursos DIPR \u2013 Demonstrativo de Informa\u00e7\u00f5es Previdenci\u00e1rias e Repasse<\/p>\n","protected":false},"author":2,"featured_media":0,"parent":0,"menu_order":0,"comment_status":"closed","ping_status":"closed","template":"","meta":{"footnotes":""},"class_list":["post-1413","page","type-page","status-publish","hentry"],"featured_media_urls":[],"_links":{"self":[{"href":"https:\/\/teste.vtec.net.br\/index.php\/wp-json\/wp\/v2\/pages\/1413","targetHints":{"allow":["GET"]}}],"collection":[{"href":"https:\/\/teste.vtec.net.br\/index.php\/wp-json\/wp\/v2\/pages"}],"about":[{"href":"https:\/\/teste.vtec.net.br\/index.php\/wp-json\/wp\/v2\/types\/page"}],"author":[{"embeddable":true,"href":"https:\/\/teste.vtec.net.br\/index.php\/wp-json\/wp\/v2\/users\/2"}],"replies":[{"embeddable":true,"href":"https:\/\/teste.vtec.net.br\/index.php\/wp-json\/wp\/v2\/comments?post=1413"}],"version-history":[{"count":0,"href":"https:\/\/teste.vtec.net.br\/index.php\/wp-json\/wp\/v2\/pages\/1413\/revisions"}],"wp:attachment":[{"href":"https:\/\/teste.vtec.net.br\/index.php\/wp-json\/wp\/v2\/media?parent=1413"}],"curies":[{"name":"wp","href":"https:\/\/api.w.org\/{rel}","templated":true}]}}