{"id":1592,"date":"2022-04-20T16:43:34","date_gmt":"2022-04-20T19:43:34","guid":{"rendered":"https:\/\/ipremburitama.sp.gov.br\/?page_id=1592"},"modified":"2022-04-20T16:43:34","modified_gmt":"2022-04-20T19:43:34","slug":"editais","status":"publish","type":"page","link":"https:\/\/teste.vtec.net.br\/index.php\/editais\/","title":{"rendered":"Editais"},"content":{"rendered":"<p style=\"font-weight: 400;\"><strong>AVISO DE DISPENSA DE LICITA\u00c7\u00c3O<\/strong><\/p>\n<p style=\"font-weight: 400;\"><strong>O INSTITUTO DE PREVID\u00caNCIA MUNICIPAL DE BURITAMA-IPREM, situado a Rua Joaquim Pereira Rosa n\u00ba. 600, bairro Centro, no Munic\u00edpio de Buritama, Estado de S\u00e3o Paulo, TORNA P\u00daBLICO, a Dispensa de Licita\u00e7\u00e3o, com crit\u00e9rio de julgamento (menor pre\u00e7o mensal), na hip\u00f3tese do art. 75, inciso II e \u00a7 3\u00ba da Lei n\u00ba 14.133, de 1\u00ba de abril de 2021.<\/strong><\/p>\n<p style=\"font-weight: 400;\"><strong>Objeto: C<\/strong><strong>ontrata\u00e7\u00e3o de empresa especializada na\u00a0<\/strong><strong>presta\u00e7\u00e3o de servi\u00e7os de limpeza, higieniza\u00e7\u00e3o e conserva\u00e7\u00e3o da sede do IPREM<\/strong><strong>, nos termos do Anexo Termo de Refer\u00eancia.<\/strong><\/p>\n<p style=\"font-weight: 400;\"><a href=\"https:\/\/teste.vtec.net.br\/wp-content\/uploads\/2025\/12\/Termo-de-Referencia_Servicos-de-Limpeza.pdf\">Termo de Refer\u00eancia &#8211; Anexo<\/a><\/p>\n<p style=\"font-weight: 400;\"><a href=\"https:\/\/teste.vtec.net.br\/wp-content\/uploads\/2025\/12\/Aviso-de-Dispensa-Servicos-de-Limpeza.pdf\">Aviso de Dispensa \u2013 Anexo<\/a><\/p>\n<p><a href=\"https:\/\/teste.vtec.net.br\/wp-content\/uploads\/2025\/12\/Certidao-de-Publicacao.pdf\">Certid\u00e3o de Publica\u00e7\u00e3o &#8211; Anexo<\/a><\/p>\n<p><a href=\"https:\/\/teste.vtec.net.br\/wp-content\/uploads\/2025\/12\/Termo-de-Adjudicacao-e-Homologacao.pdf\">Termo de Adjudica\u00e7\u00e3o e Homologa\u00e7\u00e3o &#8211; Anexo<\/a><\/p>\n<p>AVISO DE DISPENSA DE LICITA\u00c7\u00c3O<\/p>\n<p style=\"text-align: left;\">O INSTITUTO DE PREVID\u00caNCIA MUNICIPAL DE BURITAMA-IPREM, situado a Rua Joaquim Pereira Rosa n\u00ba. 600, bairro Centro, no Munic\u00edpio de Buritama, Estado de S\u00e3o Paulo, TORNA P\u00daBLICO, a Dispensa de Licita\u00e7\u00e3o, com crit\u00e9rio de julgamento (menor pre\u00e7o mensal), na hip\u00f3tese do art. 75, inciso II e \u00a7 3\u00ba da Lei n\u00ba 14.133, de 1\u00ba de abril de 2021.<\/p>\n<p style=\"text-align: left;\">Objeto: Contrata\u00e7\u00e3o de empresa certificadora, devidamente credenciada pela Secretaria de Previd\u00eancia, para a presta\u00e7\u00e3o dos servi\u00e7os de certifica\u00e7\u00e3o institucional de N\u00edvel I do IPREM, conforme diretrizes estabelecidas no \u00e2mbito do Programa Pr\u00f3-Gest\u00e3o RPPS, nos termos do Anexo Termo de Refer\u00eancia.<\/p>\n<p><a href=\"https:\/\/teste.vtec.net.br\/wp-content\/uploads\/2025\/11\/Aviso-de-Dispensa-Entidade-Certificadora.pdf\" target=\"_blank\" rel=\"noopener\">Aviso de Dispensa<\/a><\/p>\n<p><a href=\"https:\/\/teste.vtec.net.br\/wp-content\/uploads\/2025\/11\/Termo-de-referencia-1_compressed.pdf\" target=\"_blank\" rel=\"noopener\">Termo de Refer\u00eancia<\/a><\/p>\n<p><a href=\"https:\/\/teste.vtec.net.br\/wp-content\/uploads\/2025\/11\/Aviso-Informativo.pdf\">Aviso Informativo<\/a><\/p>\n<p><a href=\"https:\/\/teste.vtec.net.br\/wp-content\/uploads\/2025\/11\/Termo-de-Referencia-Retificado_compressed.pdf\">Termo de Refer\u00eancia Retificado<\/a><\/p>\n<p><a href=\"https:\/\/teste.vtec.net.br\/wp-content\/uploads\/2025\/11\/Aviso-de-Dispensa-Entidade-Certificadora_Retificado.pdf\">Aviso de Dispensa Entidade Certificadora Retificado<\/a><\/p>\n<p>AVISO DE DISPENSA DE LICITA\u00c7\u00c3O<\/p>\n<p>O INSTITUTO DE PREVID\u00caNCIA MUNICIPAL DE BURITAMA-IPREM, situado a Rua Joaquim Pereira Rosa n\u00ba. 600, bairro Centro, no Munic\u00edpio de Buritama, Estado de S\u00e3o Paulo, TORNA P\u00daBLICO, a Dispensa de Licita\u00e7\u00e3o, com crit\u00e9rio de julgamento (menor pre\u00e7o mensal), na hip\u00f3tese do art. 75, inciso II e \u00a7 3\u00ba da Lei n\u00ba 14.133, de 1\u00ba de abril de 2021.<br \/>\nObjeto: Contrata\u00e7\u00e3o de empresa especializada para a cria\u00e7\u00e3o, desenvolvimento, implanta\u00e7\u00e3o, hospedagem e manuten\u00e7\u00e3o de um website para o Instituto de Previd\u00eancia Municipal de Buritama, com o objetivo de proporcionar um canal de comunica\u00e7\u00e3o eficiente, moderno e seguro entre o RPPS, seus segurados, pensionistas e o p\u00fablico em geral, nos termos do Anexo Termo de Refer\u00eancia.<\/p>\n<p><a href=\"https:\/\/teste.vtec.net.br\/wp-content\/uploads\/2025\/06\/Aviso-de-Dispensa-Site.pdf\" target=\"_blank\" rel=\"noopener\">Aviso de Dispensa<\/a><\/p>\n<p><a href=\"https:\/\/teste.vtec.net.br\/wp-content\/uploads\/2025\/06\/Termo-de-Referencia.pdf\" target=\"_blank\" rel=\"noopener\">Termo de Refer\u00eancia<\/a><\/p>\n<p><a href=\"https:\/\/teste.vtec.net.br\/wp-content\/uploads\/2025\/06\/Certidao-de-Publicacao.pdf\" target=\"_blank\" rel=\"noopener\">Certid\u00e3o de Publica\u00e7\u00e3o<\/a><\/p>\n<p>AVISO DE DISPENSA DE LICITA\u00c7\u00c3O<br \/>\nO INSTITUTO DE PREVID\u00caNCIA MUNICIPAL DE BURITAMA-IPREM, situado a Rua Joaquim Pereira Rosa n\u00ba. 600, bairro Centro, no Munic\u00edpio de Buritama, Estado de S\u00e3o Paulo, TORNA<br \/>\nP\u00daBLICO, a Dispensa de Licita\u00e7\u00e3o, com crit\u00e9rio de julgamento (menor pre\u00e7o mensal), na hip\u00f3tese do art. 75, inciso II e \u00a7 3\u00ba da Lei n\u00ba 14.133, de 1\u00ba de abril de 2021.<br \/>\nObjeto: Contrata\u00e7\u00e3o de Empresa Especializada na Presta\u00e7\u00e3o de Servi\u00e7os de Consultoria e Assessoria T\u00e9cnica no Setor Cont\u00e1bil e de Recursos Humanos, nos termos do Anexo Termo de Refer\u00eancia.<\/p>\n<p><a href=\"https:\/\/teste.vtec.net.br\/wp-content\/uploads\/2025\/02\/Aviso-de-Dispensa.pdf\" target=\"_blank\" rel=\"noopener\">Aviso de Dispensa<\/a><\/p>\n<p><a href=\"https:\/\/teste.vtec.net.br\/wp-content\/uploads\/2025\/02\/Termo-de-referencia.pdf\" target=\"_blank\" rel=\"noopener\">Termo de Refer\u00eancia<\/a><\/p>\n<p><!--more--><\/p>\n<p>AVISO DE DISPENSA DE LICITA\u00c7\u00c3O<br \/>\nO INSTITUTO DE PREVID\u00caNCIA MUNICIPAL DE BURITAMA-IPREM, situado a Rua Joaquim Pereira Rosa n\u00ba. 600, bairro Centro, no Munic\u00edpio de Buritama, Estado de S\u00e3o Paulo, TORNA<br \/>\nP\u00daBLICO, a Dispensa de Licita\u00e7\u00e3o, com crit\u00e9rio de julgamento (menor pre\u00e7o mensal), na hip\u00f3tese do art. 75, inciso II e \u00a7 3\u00ba da Lei n\u00ba 14.133, de 1\u00ba de abril de 2021.<br \/>\nObjeto: Contrata\u00e7\u00e3o dos servi\u00e7os de Consultoria de Valores Mobili\u00e1rios, no \u00e2mbito de investimentos, voltados aos Regimes Pr\u00f3prios de Previd\u00eancia Social, segundo legisla\u00e7\u00e3o<br \/>\npertinente vigente \u00e0 \u00e9poca da execu\u00e7\u00e3o das atividades, devidamente especificada no \u201cDETALHAMENTO DO OBJETO\u201d<\/p>\n<p><a href=\"https:\/\/teste.vtec.net.br\/wp-content\/uploads\/2023\/12\/Aviso-de-Dispensa-1.pdf\">Aviso de Dispensa<\/a><\/p>\n<p><a href=\"https:\/\/teste.vtec.net.br\/wp-content\/uploads\/2023\/12\/Termo-de-Referencia-1.pdf\">Termo de Refer\u00eancia<\/a><\/p>\n<p><!--more--><\/p>\n<p>AVISO DE DISPENSA DE LICITA\u00c7\u00c3O<br \/>\nO INSTITUTO DE PREVID\u00caNCIA MUNICIPAL DE BURITAMA-IPREM, situado a Rua Joaquim Pereira Rosa n\u00ba. 600, bairro Centro, no Munic\u00edpio de Buritama, Estado de S\u00e3o Paulo, TORNA<br \/>\nP\u00daBLICO, a Dispensa de Licita\u00e7\u00e3o, com crit\u00e9rio de julgamento (menor pre\u00e7o mensal), na hip\u00f3tese do art. 75, inciso II e \u00a7 3\u00ba da Lei n\u00ba 14.133, de 1\u00ba de abril de 2021<\/p>\n<p>Objeto: Contrata\u00e7\u00e3o de empresa para presta\u00e7\u00e3o de servi\u00e7os t\u00e9cnicos especializados em Consultoria e Assessoria Atuarial, Previdenci\u00e1ria e Administrativa, voltada \u00e0 certifica\u00e7\u00e3o<br \/>\nInstitucional Pr\u00f3-Gest\u00e3o RPPS em atendimento a demanda do Instituto de Previd\u00eancia Municipal de Buritama &#8211; IPREM, nos termos do Anexo Termo de Refer\u00eancia.<\/p>\n<p><a href=\"https:\/\/teste.vtec.net.br\/wp-content\/uploads\/2023\/12\/Aviso-de-Dispensa.pdf\">Aviso de Dispensa<\/a><\/p>\n<p><a href=\"https:\/\/teste.vtec.net.br\/wp-content\/uploads\/2023\/12\/Termo-de-Referencia.pdf\">Termo de Refer\u00eancia<\/a><\/p>\n<p><!--more--><\/p>\n<p>EDITAL DE LICITA\u00c7\u00c3O: 01\/2025<\/p>\n<p>PREG\u00c3O PRESENCIAL N\u00ba 01\/2025<br \/>\nData: 09\/04\/2025<\/p>\n<p>Hor\u00e1rio: 10h<br \/>\nObjeto: <strong>Contrata\u00e7\u00e3o de institui\u00e7\u00e3o financeira autorizada pelo Banco Central do Brasil para cess\u00e3o onerosa do direito de efetuar o pagamento da folha dos servidores p\u00fablicos ativos, aposentados e pensionistas do Instituto de Previd\u00eancia Municipal de Buritama-sp.<\/strong><\/p>\n<p>Solicitar edital atrav\u00e9s do e-mail\u00a0<a href=\"mailto:ipremcont@terra.com.br\">ipremcont@terra.com.br<\/a> ou acessar pelo link: <a href=\"https:\/\/teste.vtec.net.br\/editais\/\">https:\/\/teste.vtec.net.br\/editais\/<\/a>.<\/p>\n<p><a href=\"https:\/\/teste.vtec.net.br\/wp-content\/uploads\/2025\/03\/Edital-Retificado.pdf\" target=\"_blank\" rel=\"noopener\">Edital<\/a><\/p>\n<p><a href=\"https:\/\/teste.vtec.net.br\/wp-content\/uploads\/2025\/03\/Termo-de-Referencia-Retificado.pdf\" target=\"_blank\" rel=\"noopener\">Termo de Refer\u00eancia<\/a><\/p>\n<p><a href=\"https:\/\/teste.vtec.net.br\/wp-content\/uploads\/2025\/03\/Estudo-Tecnico-Preliminar.pdf\" target=\"_blank\" rel=\"noopener\">Estudo T\u00e9cnico Preliminar<\/a><\/p>\n<p><!--more--><\/p>\n<p>Processo 03\/2022 \u2013 Dispensa de Licita\u00e7\u00e3o<br \/>\nObjeto: Contrata\u00e7\u00e3o de empresa para licenciamento de programas de computador compostos por m\u00f3dulos integrados de Sistema de Informa\u00e7\u00e3o de Gest\u00e3o Previdenci\u00e1ria para os segurados do Instituto de Previd\u00eancia Municipal de Buritama \u2013 IPREM.<br \/>\n<a href=\"https:\/\/teste.vtec.net.br\/wp-content\/uploads\/2023\/01\/Termo_de_Referencia.pdf\">Termo_de_Referencia<\/a><\/p>\n<p><a href=\"https:\/\/teste.vtec.net.br\/wp-content\/uploads\/2023\/01\/Aviso_de_Dispensa.pdf\">Aviso_de_Dispensa<\/a><\/p>\n<p><a href=\"https:\/\/teste.vtec.net.br\/wp-content\/uploads\/2023\/01\/Errata.pdf\">Errata<\/a><\/p>\n<p><!--more--><\/p>\n<p>Tornamos P\u00fablico, para conhecimento dos interessados, que a Servidora Designada<br \/>\nconforme Portaria n\u00b0 01\/2022 de 22 de mar\u00e7o de 2022 em substitui\u00e7\u00e3o a Comiss\u00e3o de<br \/>\nLicita\u00e7\u00e3o do <strong>INSTITUTO DE PREVID\u00caNCIA MUNICIPAL DE BURITAMA<\/strong>, situado \u00e0 Rua<br \/>\nJoaquim Pereira Rosa n\u00ba 600, bairro Centro, nesta na cidade de Buritama\/SP, acha-se<br \/>\naberto procedimento licitat\u00f3rio na modalidade <strong>CONVITE<\/strong>, do tipo <strong>MENOR PRE\u00c7O.<br \/>\n<\/strong><a href=\"https:\/\/teste.vtec.net.br\/wp-content\/uploads\/2022\/05\/Edital_02_2022.pdf\">Edital_02_2022<\/a><strong><br \/>\n<\/strong><\/p>\n<p><!--more--><\/p>\n<p>Tornamos P\u00fablico, para conhecimento dos interessados, que a Servidora Designada<br \/>\nconforme Portaria n\u00b0 01\/2022 de 22 de mar\u00e7o de 2022 em substitui\u00e7\u00e3o a Comiss\u00e3o de<br \/>\nLicita\u00e7\u00e3o do <strong>INSTITUTO DE PREVID\u00caNCIA MUNICIPAL DE BURITAMA.<br \/>\n<\/strong><a href=\"https:\/\/teste.vtec.net.br\/wp-content\/uploads\/2022\/04\/Edital_01_2022.pdf\">Edital_01_2022<\/a><\/p>\n<p><!--more--><\/p>\n<p>Edital:PREG\u00c3O PRESENCIAL N\u00ba 01-2018<br \/>\nData: 06\/08\/2018 Horario: 10:00:00<br \/>\nObjeto: Cess\u00e3o onerosa da folha de pagamento do Instituto de Previd\u00eancia do Munic\u00edpio de Buritama, \u00e0 Institui\u00e7\u00e3o Financeira, situada no Munic\u00edpio de Buritama, Estado de S\u00e3o Paulo ou que se instalar e disponibilizar esse tipo de servi\u00e7o num prazo de at\u00e9 30 (trinta) dias contados a partir da assinatura do contrato, durante o per\u00edodo de 60 (sessenta) meses.<br \/>\nSolicitar edital atrav\u00e9s do e-mail\u00a0ipremcont@terra.com.br.<br \/>\n<!--more--><\/p>\n<p>Edital: PREG\u00c3O PRESENCIAL N\u00ba 01-2019<br \/>\nData: 25\/11\/2019 Hor\u00e1rio: 10h30min<br \/>\nObjeto: Cess\u00e3o onerosa da folha de pagamento do Instituto de Previd\u00eancia do Munic\u00edpio de Buritama, \u00e0 Institui\u00e7\u00e3o Financeira, situada no Munic\u00edpio de Buritama, Estado de S\u00e3o Paulo ou que se instalar e disponibilizar esse tipo de servi\u00e7o num prazo de at\u00e9 30 (trinta) dias contados a partir da assinatura do contrato, durante o per\u00edodo de 60 (sessenta) meses.<br \/>\nSolicitar edital atrav\u00e9s do e-mail\u00a0ipremcont@terra.com.br.<\/p>\n","protected":false},"excerpt":{"rendered":"<p>AVISO DE DISPENSA DE LICITA\u00c7\u00c3O O INSTITUTO DE PREVID\u00caNCIA MUNICIPAL DE BURITAMA-IPREM, situado a Rua Joaquim Pereira Rosa n\u00ba. 600, bairro Centro, no Munic\u00edpio de Buritama, Estado de S\u00e3o Paulo, TORNA P\u00daBLICO, a Dispensa de Licita\u00e7\u00e3o, com crit\u00e9rio de julgamento (menor pre\u00e7o mensal), na hip\u00f3tese do art. 75, inciso II e \u00a7 3\u00ba da Lei [&hellip;]<\/p>\n","protected":false},"author":2,"featured_media":0,"parent":0,"menu_order":0,"comment_status":"closed","ping_status":"closed","template":"","meta":{"footnotes":""},"class_list":["post-1592","page","type-page","status-publish","hentry"],"featured_media_urls":[],"_links":{"self":[{"href":"https:\/\/teste.vtec.net.br\/index.php\/wp-json\/wp\/v2\/pages\/1592","targetHints":{"allow":["GET"]}}],"collection":[{"href":"https:\/\/teste.vtec.net.br\/index.php\/wp-json\/wp\/v2\/pages"}],"about":[{"href":"https:\/\/teste.vtec.net.br\/index.php\/wp-json\/wp\/v2\/types\/page"}],"author":[{"embeddable":true,"href":"https:\/\/teste.vtec.net.br\/index.php\/wp-json\/wp\/v2\/users\/2"}],"replies":[{"embeddable":true,"href":"https:\/\/teste.vtec.net.br\/index.php\/wp-json\/wp\/v2\/comments?post=1592"}],"version-history":[{"count":0,"href":"https:\/\/teste.vtec.net.br\/index.php\/wp-json\/wp\/v2\/pages\/1592\/revisions"}],"wp:attachment":[{"href":"https:\/\/teste.vtec.net.br\/index.php\/wp-json\/wp\/v2\/media?parent=1592"}],"curies":[{"name":"wp","href":"https:\/\/api.w.org\/{rel}","templated":true}]}}