{"id":1868,"date":"2025-01-10T15:58:47","date_gmt":"2025-01-10T18:58:47","guid":{"rendered":"https:\/\/ipremburitama.sp.gov.br\/?page_id=1868"},"modified":"2025-01-10T15:58:47","modified_gmt":"2025-01-10T18:58:47","slug":"avaliacao-atuarial-anual","status":"publish","type":"page","link":"https:\/\/teste.vtec.net.br\/index.php\/avaliacao-atuarial-anual\/","title":{"rendered":"Avalia\u00e7\u00e3o Atuarial Anual"},"content":{"rendered":"<p><img decoding=\"async\" class=\"alignnone wp-image-1783\" src=\"https:\/\/teste.vtec.net.br\/wp-content\/uploads\/2024\/09\/download-300x281.png\" alt=\"\" width=\"43\" height=\"40\" \/><a href=\"https:\/\/teste.vtec.net.br\/wp-content\/uploads\/2025\/06\/Reavaliacao-Atuarial-2015_2014.pdf\">Reavalia\u00e7\u00e3o Atuarial 2015_2014<\/a><\/p>\n<p><img decoding=\"async\" class=\"alignnone wp-image-1783\" src=\"https:\/\/teste.vtec.net.br\/wp-content\/uploads\/2024\/09\/download-300x281.png\" alt=\"\" width=\"43\" height=\"40\" \/><a href=\"https:\/\/teste.vtec.net.br\/wp-content\/uploads\/2025\/06\/Reavaliacao-Atuarial-2016_2015.pdf\">Reavalia\u00e7\u00e3o Atuarial 2016_2015<\/a><\/p>\n<p><img decoding=\"async\" class=\"alignnone wp-image-1783\" src=\"https:\/\/teste.vtec.net.br\/wp-content\/uploads\/2024\/09\/download-300x281.png\" alt=\"\" width=\"43\" height=\"40\" \/><a href=\"https:\/\/teste.vtec.net.br\/wp-content\/uploads\/2025\/06\/Reavaliacao-Atuarial-2017_2016.pdf\">Reavalia\u00e7\u00e3o Atuarial 2017_2016<\/a><\/p>\n<p><img decoding=\"async\" class=\"alignnone wp-image-1783\" src=\"https:\/\/teste.vtec.net.br\/wp-content\/uploads\/2024\/09\/download-300x281.png\" alt=\"\" width=\"43\" height=\"40\" \/><a href=\"https:\/\/teste.vtec.net.br\/wp-content\/uploads\/2025\/06\/Reavaliacao-Atuarial-2018_2017.pdf\">Reavalia\u00e7\u00e3o Atuarial 2018_2017<\/a><\/p>\n<p><img decoding=\"async\" class=\"alignnone wp-image-1783\" src=\"https:\/\/teste.vtec.net.br\/wp-content\/uploads\/2024\/09\/download-300x281.png\" alt=\"\" width=\"43\" height=\"40\" \/><a href=\"https:\/\/teste.vtec.net.br\/wp-content\/uploads\/2025\/06\/Reavaliacao-Atuarial-2019_2018.pdf\">Reavalia\u00e7\u00e3o Atuarial 2019_2018<\/a><\/p>\n<p><img decoding=\"async\" class=\"alignnone wp-image-1783\" src=\"https:\/\/teste.vtec.net.br\/wp-content\/uploads\/2024\/09\/download-300x281.png\" alt=\"\" width=\"43\" height=\"40\" \/><a href=\"https:\/\/teste.vtec.net.br\/wp-content\/uploads\/2025\/06\/Reavaliacao-Atuarial-2020_2019.pdf\">Reavalia\u00e7\u00e3o Atuarial 2020_2019<\/a><\/p>\n<p><img decoding=\"async\" class=\"alignnone wp-image-1783\" src=\"https:\/\/teste.vtec.net.br\/wp-content\/uploads\/2024\/09\/download-300x281.png\" alt=\"\" width=\"43\" height=\"40\" \/><a href=\"https:\/\/teste.vtec.net.br\/wp-content\/uploads\/2025\/06\/Reavaliacao-Atuarial-2021_2020.pdf\">Reavalia\u00e7\u00e3o Atuarial 2021_2020<\/a><\/p>\n<p><img decoding=\"async\" class=\"alignnone wp-image-1783\" src=\"https:\/\/teste.vtec.net.br\/wp-content\/uploads\/2024\/09\/download-300x281.png\" alt=\"\" width=\"43\" height=\"40\" \/><a href=\"https:\/\/teste.vtec.net.br\/wp-content\/uploads\/2025\/06\/Reavaliacao-Atuarial-2022_2021.pdf\">Reavalia\u00e7\u00e3o Atuarial 2022_2021<\/a><\/p>\n<p><img decoding=\"async\" class=\"alignnone wp-image-1783\" src=\"https:\/\/teste.vtec.net.br\/wp-content\/uploads\/2024\/09\/download-300x281.png\" alt=\"\" width=\"43\" height=\"40\" \/><a href=\"https:\/\/teste.vtec.net.br\/wp-content\/uploads\/2025\/08\/Reavaliacao-Atuarial-2023_2022.pdf\">Reavalia\u00e7\u00e3o Atuarial 2023_2022<\/a><\/p>\n<p><img decoding=\"async\" class=\"alignnone wp-image-1783\" src=\"https:\/\/teste.vtec.net.br\/wp-content\/uploads\/2024\/09\/download-300x281.png\" alt=\"\" width=\"43\" height=\"40\" \/><a href=\"https:\/\/teste.vtec.net.br\/wp-content\/uploads\/2025\/08\/Reavaliacao-Atuarial-2024_2023.pdf\">Reavalia\u00e7\u00e3o Atuarial 2024_2023<\/a><\/p>\n<p><img decoding=\"async\" class=\"alignnone wp-image-1783\" src=\"https:\/\/teste.vtec.net.br\/wp-content\/uploads\/2024\/09\/download-300x281.png\" alt=\"\" width=\"43\" height=\"40\" \/><a href=\"https:\/\/teste.vtec.net.br\/wp-content\/uploads\/2025\/08\/Reavaliacao-Atuarial-2025_2024.pdf\">Reavalia\u00e7\u00e3o Atuarial 2025_2024<\/a><\/p>\n","protected":false},"excerpt":{"rendered":"<p>Reavalia\u00e7\u00e3o Atuarial 2015_2014 Reavalia\u00e7\u00e3o Atuarial 2016_2015 Reavalia\u00e7\u00e3o Atuarial 2017_2016 Reavalia\u00e7\u00e3o Atuarial 2018_2017 Reavalia\u00e7\u00e3o Atuarial 2019_2018 Reavalia\u00e7\u00e3o Atuarial 2020_2019 Reavalia\u00e7\u00e3o Atuarial 2021_2020 Reavalia\u00e7\u00e3o Atuarial 2022_2021 Reavalia\u00e7\u00e3o Atuarial 2023_2022 Reavalia\u00e7\u00e3o Atuarial 2024_2023 Reavalia\u00e7\u00e3o Atuarial 2025_2024<\/p>\n","protected":false},"author":2,"featured_media":0,"parent":0,"menu_order":0,"comment_status":"closed","ping_status":"closed","template":"","meta":{"footnotes":""},"class_list":["post-1868","page","type-page","status-publish","hentry"],"featured_media_urls":[],"_links":{"self":[{"href":"https:\/\/teste.vtec.net.br\/index.php\/wp-json\/wp\/v2\/pages\/1868","targetHints":{"allow":["GET"]}}],"collection":[{"href":"https:\/\/teste.vtec.net.br\/index.php\/wp-json\/wp\/v2\/pages"}],"about":[{"href":"https:\/\/teste.vtec.net.br\/index.php\/wp-json\/wp\/v2\/types\/page"}],"author":[{"embeddable":true,"href":"https:\/\/teste.vtec.net.br\/index.php\/wp-json\/wp\/v2\/users\/2"}],"replies":[{"embeddable":true,"href":"https:\/\/teste.vtec.net.br\/index.php\/wp-json\/wp\/v2\/comments?post=1868"}],"version-history":[{"count":0,"href":"https:\/\/teste.vtec.net.br\/index.php\/wp-json\/wp\/v2\/pages\/1868\/revisions"}],"wp:attachment":[{"href":"https:\/\/teste.vtec.net.br\/index.php\/wp-json\/wp\/v2\/media?parent=1868"}],"curies":[{"name":"wp","href":"https:\/\/api.w.org\/{rel}","templated":true}]}}