{"id":1883,"date":"2025-01-10T16:04:28","date_gmt":"2025-01-10T19:04:28","guid":{"rendered":"https:\/\/ipremburitama.sp.gov.br\/?page_id=1883"},"modified":"2025-01-10T16:04:28","modified_gmt":"2025-01-10T19:04:28","slug":"relatorio-analitico-dos-investimentos","status":"publish","type":"page","link":"https:\/\/teste.vtec.net.br\/index.php\/relatorio-analitico-dos-investimentos\/","title":{"rendered":"Relat\u00f3rio Anal\u00edtico dos Investimentos"},"content":{"rendered":"\n<p>&nbsp;<\/p>\n\n\n\n<div class=\"wp-block-group is-nowrap is-layout-flex wp-container-core-group-is-layout-ad2f72ca wp-block-group-is-layout-flex\">\n<figure class=\"wp-block-image size-full is-resized\"><img fetchpriority=\"high\" decoding=\"async\" width=\"512\" height=\"512\" src=\"https:\/\/teste.vtec.net.br\/wp-content\/uploads\/2025\/11\/image.png\" alt=\"\" class=\"wp-image-2482\" style=\"width:48px;height:auto\" srcset=\"https:\/\/teste.vtec.net.br\/wp-content\/uploads\/2025\/11\/image.png 512w, https:\/\/teste.vtec.net.br\/wp-content\/uploads\/2025\/11\/image-300x300.png 300w, https:\/\/teste.vtec.net.br\/wp-content\/uploads\/2025\/11\/image-150x150.png 150w, https:\/\/teste.vtec.net.br\/wp-content\/uploads\/2025\/11\/image-20x20.png 20w\" sizes=\"(max-width: 512px) 100vw, 512px\" \/><\/figure>\n\n\n\n<p><a href=\"https:\/\/teste.vtec.net.br\/relatorios-2018\/\">Relat\u00f3rios 2018<\/a><\/p>\n<\/div>\n\n\n\n<div class=\"wp-block-group is-nowrap is-layout-flex wp-container-core-group-is-layout-ad2f72ca wp-block-group-is-layout-flex\">\n<figure class=\"wp-block-image size-full is-resized\"><img fetchpriority=\"high\" decoding=\"async\" width=\"512\" height=\"512\" src=\"https:\/\/teste.vtec.net.br\/wp-content\/uploads\/2025\/11\/image.png\" alt=\"\" class=\"wp-image-2482\" style=\"width:48px;height:auto\" srcset=\"https:\/\/teste.vtec.net.br\/wp-content\/uploads\/2025\/11\/image.png 512w, https:\/\/teste.vtec.net.br\/wp-content\/uploads\/2025\/11\/image-300x300.png 300w, https:\/\/teste.vtec.net.br\/wp-content\/uploads\/2025\/11\/image-150x150.png 150w, https:\/\/teste.vtec.net.br\/wp-content\/uploads\/2025\/11\/image-20x20.png 20w\" sizes=\"(max-width: 512px) 100vw, 512px\" \/><\/figure>\n\n\n\n<p><a href=\"https:\/\/teste.vtec.net.br\/relatorios-2019\/\">Relat\u00f3rios 2019<\/a><\/p>\n<\/div>\n\n\n\n<div class=\"wp-block-group is-nowrap is-layout-flex wp-container-core-group-is-layout-ad2f72ca wp-block-group-is-layout-flex\">\n<figure class=\"wp-block-image size-full is-resized\"><img fetchpriority=\"high\" decoding=\"async\" width=\"512\" height=\"512\" src=\"https:\/\/teste.vtec.net.br\/wp-content\/uploads\/2025\/11\/image.png\" alt=\"\" class=\"wp-image-2482\" style=\"width:48px;height:auto\" srcset=\"https:\/\/teste.vtec.net.br\/wp-content\/uploads\/2025\/11\/image.png 512w, https:\/\/teste.vtec.net.br\/wp-content\/uploads\/2025\/11\/image-300x300.png 300w, https:\/\/teste.vtec.net.br\/wp-content\/uploads\/2025\/11\/image-150x150.png 150w, https:\/\/teste.vtec.net.br\/wp-content\/uploads\/2025\/11\/image-20x20.png 20w\" sizes=\"(max-width: 512px) 100vw, 512px\" \/><\/figure>\n\n\n\n<p><a href=\"https:\/\/teste.vtec.net.br\/relatorios-2020\/\">Relat\u00f3rios 2020<\/a><\/p>\n<\/div>\n\n\n\n<div class=\"wp-block-group is-nowrap is-layout-flex wp-container-core-group-is-layout-ad2f72ca wp-block-group-is-layout-flex\">\n<figure class=\"wp-block-image size-full is-resized\"><img fetchpriority=\"high\" decoding=\"async\" width=\"512\" height=\"512\" src=\"https:\/\/teste.vtec.net.br\/wp-content\/uploads\/2025\/11\/image.png\" alt=\"\" class=\"wp-image-2482\" style=\"width:48px;height:auto\" srcset=\"https:\/\/teste.vtec.net.br\/wp-content\/uploads\/2025\/11\/image.png 512w, https:\/\/teste.vtec.net.br\/wp-content\/uploads\/2025\/11\/image-300x300.png 300w, https:\/\/teste.vtec.net.br\/wp-content\/uploads\/2025\/11\/image-150x150.png 150w, https:\/\/teste.vtec.net.br\/wp-content\/uploads\/2025\/11\/image-20x20.png 20w\" sizes=\"(max-width: 512px) 100vw, 512px\" \/><\/figure>\n\n\n\n<p><a href=\"https:\/\/teste.vtec.net.br\/relatorios-2021\/\">Relat\u00f3rios 2021<\/a><\/p>\n<\/div>\n\n\n\n<div class=\"wp-block-group is-nowrap is-layout-flex wp-container-core-group-is-layout-ad2f72ca wp-block-group-is-layout-flex\">\n<figure class=\"wp-block-image size-full is-resized\"><img fetchpriority=\"high\" decoding=\"async\" width=\"512\" height=\"512\" src=\"https:\/\/teste.vtec.net.br\/wp-content\/uploads\/2025\/11\/image.png\" alt=\"\" class=\"wp-image-2482\" style=\"width:48px;height:auto\" srcset=\"https:\/\/teste.vtec.net.br\/wp-content\/uploads\/2025\/11\/image.png 512w, https:\/\/teste.vtec.net.br\/wp-content\/uploads\/2025\/11\/image-300x300.png 300w, https:\/\/teste.vtec.net.br\/wp-content\/uploads\/2025\/11\/image-150x150.png 150w, https:\/\/teste.vtec.net.br\/wp-content\/uploads\/2025\/11\/image-20x20.png 20w\" sizes=\"(max-width: 512px) 100vw, 512px\" \/><\/figure>\n\n\n\n<p><a href=\"https:\/\/teste.vtec.net.br\/relatorios-2022\/\">Relat\u00f3rios 2022<\/a><\/p>\n<\/div>\n\n\n\n<div class=\"wp-block-group is-nowrap is-layout-flex wp-container-core-group-is-layout-ad2f72ca wp-block-group-is-layout-flex\">\n<figure class=\"wp-block-image size-full is-resized\"><img fetchpriority=\"high\" decoding=\"async\" width=\"512\" height=\"512\" src=\"https:\/\/teste.vtec.net.br\/wp-content\/uploads\/2025\/11\/image.png\" alt=\"\" class=\"wp-image-2482\" style=\"width:48px;height:auto\" srcset=\"https:\/\/teste.vtec.net.br\/wp-content\/uploads\/2025\/11\/image.png 512w, https:\/\/teste.vtec.net.br\/wp-content\/uploads\/2025\/11\/image-300x300.png 300w, https:\/\/teste.vtec.net.br\/wp-content\/uploads\/2025\/11\/image-150x150.png 150w, https:\/\/teste.vtec.net.br\/wp-content\/uploads\/2025\/11\/image-20x20.png 20w\" sizes=\"(max-width: 512px) 100vw, 512px\" \/><\/figure>\n\n\n\n<p><a href=\"https:\/\/teste.vtec.net.br\/relatorios-2023\/\">Relat\u00f3rios 2023<\/a><\/p>\n<\/div>\n\n\n\n<div class=\"wp-block-group is-nowrap is-layout-flex wp-container-core-group-is-layout-ad2f72ca wp-block-group-is-layout-flex\">\n<figure class=\"wp-block-image size-full is-resized\"><img fetchpriority=\"high\" decoding=\"async\" width=\"512\" height=\"512\" src=\"https:\/\/teste.vtec.net.br\/wp-content\/uploads\/2025\/11\/image.png\" alt=\"\" class=\"wp-image-2482\" style=\"width:48px;height:auto\" srcset=\"https:\/\/teste.vtec.net.br\/wp-content\/uploads\/2025\/11\/image.png 512w, https:\/\/teste.vtec.net.br\/wp-content\/uploads\/2025\/11\/image-300x300.png 300w, https:\/\/teste.vtec.net.br\/wp-content\/uploads\/2025\/11\/image-150x150.png 150w, https:\/\/teste.vtec.net.br\/wp-content\/uploads\/2025\/11\/image-20x20.png 20w\" sizes=\"(max-width: 512px) 100vw, 512px\" \/><\/figure>\n\n\n\n<p><a href=\"https:\/\/teste.vtec.net.br\/relatorios-2024\/\">Relat\u00f3rios 2024<\/a><\/p>\n<\/div>\n\n\n\n<div class=\"wp-block-group is-nowrap is-layout-flex wp-container-core-group-is-layout-ad2f72ca wp-block-group-is-layout-flex\">\n<figure class=\"wp-block-image size-full is-resized\"><img fetchpriority=\"high\" decoding=\"async\" width=\"512\" height=\"512\" src=\"https:\/\/teste.vtec.net.br\/wp-content\/uploads\/2025\/11\/image.png\" alt=\"\" class=\"wp-image-2482\" style=\"width:48px;height:auto\" srcset=\"https:\/\/teste.vtec.net.br\/wp-content\/uploads\/2025\/11\/image.png 512w, https:\/\/teste.vtec.net.br\/wp-content\/uploads\/2025\/11\/image-300x300.png 300w, https:\/\/teste.vtec.net.br\/wp-content\/uploads\/2025\/11\/image-150x150.png 150w, https:\/\/teste.vtec.net.br\/wp-content\/uploads\/2025\/11\/image-20x20.png 20w\" sizes=\"(max-width: 512px) 100vw, 512px\" \/><\/figure>\n\n\n\n<p><a href=\"https:\/\/teste.vtec.net.br\/relatorios-2025\/\">Relat\u00f3rios 2025<\/a><\/p>\n<\/div>\n\n","protected":false},"excerpt":{"rendered":"<p>&nbsp; Relat\u00f3rios 2018 Relat\u00f3rios 2019 Relat\u00f3rios 2020 Relat\u00f3rios 2021 Relat\u00f3rios 2022 Relat\u00f3rios 2023 Relat\u00f3rios 2024 Relat\u00f3rios 2025<\/p>\n","protected":false},"author":2,"featured_media":0,"parent":0,"menu_order":0,"comment_status":"closed","ping_status":"closed","template":"","meta":{"footnotes":""},"class_list":["post-1883","page","type-page","status-publish","hentry"],"featured_media_urls":[],"_links":{"self":[{"href":"https:\/\/teste.vtec.net.br\/index.php\/wp-json\/wp\/v2\/pages\/1883","targetHints":{"allow":["GET"]}}],"collection":[{"href":"https:\/\/teste.vtec.net.br\/index.php\/wp-json\/wp\/v2\/pages"}],"about":[{"href":"https:\/\/teste.vtec.net.br\/index.php\/wp-json\/wp\/v2\/types\/page"}],"author":[{"embeddable":true,"href":"https:\/\/teste.vtec.net.br\/index.php\/wp-json\/wp\/v2\/users\/2"}],"replies":[{"embeddable":true,"href":"https:\/\/teste.vtec.net.br\/index.php\/wp-json\/wp\/v2\/comments?post=1883"}],"version-history":[{"count":0,"href":"https:\/\/teste.vtec.net.br\/index.php\/wp-json\/wp\/v2\/pages\/1883\/revisions"}],"wp:attachment":[{"href":"https:\/\/teste.vtec.net.br\/index.php\/wp-json\/wp\/v2\/media?parent=1883"}],"curies":[{"name":"wp","href":"https:\/\/api.w.org\/{rel}","templated":true}]}}