{"id":1901,"date":"2025-01-10T16:30:23","date_gmt":"2025-01-10T19:30:23","guid":{"rendered":"https:\/\/ipremburitama.sp.gov.br\/?page_id=1901"},"modified":"2025-01-10T16:30:23","modified_gmt":"2025-01-10T19:30:23","slug":"comite-de-investimentos-2","status":"publish","type":"page","link":"https:\/\/teste.vtec.net.br\/index.php\/comite-de-investimentos-2\/","title":{"rendered":"Comit\u00ea de Investimentos"},"content":{"rendered":"<h4><strong>Comit\u00ea de Investimentos<\/strong><\/h4>\n<h4><strong>Membros<\/strong><\/h4>\n<ul>\n<li>Barbara Cristina dos Santos Zanin \u2013 Presidente \/\u00a0<i>Servidora P\u00fablica Municipal<\/i><\/li>\n<li>Luciana Mar\u00e7al\u2013 Membro \/\u00a0<i>Servidora P\u00fablica\u00a0<\/i><i>Municipal ocupante do cargo de\u00a0<\/i><i>Agente Previdenci\u00e1rio\u00a0<\/i><i>desde\u00a0<\/i><i>1995, bacharel em Administra\u00e7\u00e3o de Ci\u00eancias Cont\u00e1beis, CG INV I.<\/i><\/li>\n<li><i>ocupante do cargo de Tesoureira desde 2013.<\/i><\/li>\n<li>Heverton Candido de Paiva \u2013 Membro \/\u00a0<i>Servidor\u00a0<\/i><i>P\u00fablico Municipal ocupante do cargo\u00a0<\/i><i>efetivo de Tesoureiro, atualmente exerce o cargo em comiss\u00e3o de Superintendente, bacharel\u00a0<\/i><i>em\u00a0<\/i><i>Ci\u00eancias\u00a0<\/i><i>Cont\u00e1beis<\/i><i>, <\/i><i>P\u00f3s Graduado em Direito Previdenci\u00e1rio e Regime Pr\u00f3prio, CG\u00a0<\/i><i>INV\u00a0<\/i><i>III, CP DIRIG III.<\/i><\/li>\n<\/ul>\n<p><b>Regimento Interno <\/b><\/p>\n<p><a href=\"https:\/\/teste.vtec.net.br\/wp-content\/uploads\/2025\/01\/Regimento-Interno-Comite-de-Investimentos.pdf\" target=\"_blank\" rel=\"noopener\">Regimento Interno Comit\u00ea de Investimentos<\/a><\/p>\n<p><strong>Atas<\/strong><\/p>\n<p><a href=\"https:\/\/teste.vtec.net.br\/investimentos\/?drawer=Investimentos*Atas%20Comite%20de%20Investimento\">Ver atas<\/a><\/p>\n<h4><strong>Reuni\u00f5es<\/strong><\/h4>\n<p>&nbsp;<\/p>\n<p><img fetchpriority=\"high\" decoding=\"async\" class=\"aligncenter wp-image-2320 size-large\" src=\"https:\/\/teste.vtec.net.br\/wp-content\/uploads\/2025\/08\/Calendario-de-Reunioes-Comite-2025_page-0001-1024x724.jpg\" alt=\"\" width=\"1010\" height=\"714\" \/><\/p>\n","protected":false},"excerpt":{"rendered":"<p>Comit\u00ea de Investimentos Membros Barbara Cristina dos Santos Zanin \u2013 Presidente \/\u00a0Servidora P\u00fablica Municipal Luciana Mar\u00e7al\u2013 Membro \/\u00a0Servidora P\u00fablica\u00a0Municipal ocupante do cargo de\u00a0Agente Previdenci\u00e1rio\u00a0desde\u00a01995, bacharel em Administra\u00e7\u00e3o de Ci\u00eancias Cont\u00e1beis, CG INV I. ocupante do cargo de Tesoureira desde 2013. Heverton Candido de Paiva \u2013 Membro \/\u00a0Servidor\u00a0P\u00fablico Municipal ocupante do cargo\u00a0efetivo de Tesoureiro, atualmente exerce [&hellip;]<\/p>\n","protected":false},"author":2,"featured_media":0,"parent":0,"menu_order":0,"comment_status":"closed","ping_status":"closed","template":"","meta":{"footnotes":""},"class_list":["post-1901","page","type-page","status-publish","hentry"],"featured_media_urls":[],"_links":{"self":[{"href":"https:\/\/teste.vtec.net.br\/index.php\/wp-json\/wp\/v2\/pages\/1901","targetHints":{"allow":["GET"]}}],"collection":[{"href":"https:\/\/teste.vtec.net.br\/index.php\/wp-json\/wp\/v2\/pages"}],"about":[{"href":"https:\/\/teste.vtec.net.br\/index.php\/wp-json\/wp\/v2\/types\/page"}],"author":[{"embeddable":true,"href":"https:\/\/teste.vtec.net.br\/index.php\/wp-json\/wp\/v2\/users\/2"}],"replies":[{"embeddable":true,"href":"https:\/\/teste.vtec.net.br\/index.php\/wp-json\/wp\/v2\/comments?post=1901"}],"version-history":[{"count":0,"href":"https:\/\/teste.vtec.net.br\/index.php\/wp-json\/wp\/v2\/pages\/1901\/revisions"}],"wp:attachment":[{"href":"https:\/\/teste.vtec.net.br\/index.php\/wp-json\/wp\/v2\/media?parent=1901"}],"curies":[{"name":"wp","href":"https:\/\/api.w.org\/{rel}","templated":true}]}}