{"id":1906,"date":"2025-01-10T16:35:26","date_gmt":"2025-01-10T19:35:26","guid":{"rendered":"https:\/\/ipremburitama.sp.gov.br\/?page_id=1906"},"modified":"2025-01-10T16:35:26","modified_gmt":"2025-01-10T19:35:26","slug":"diretoria-executiva","status":"publish","type":"page","link":"https:\/\/teste.vtec.net.br\/index.php\/diretoria-executiva\/","title":{"rendered":"Diretoria Executiva"},"content":{"rendered":"<h3><strong>Diretoria Executiva<\/strong><\/h3>\n<h3><strong>Superintend\u00eancia<\/strong><\/h3>\n<h5><b>Heverton<\/b><b>\u00a0Candido de Paiva<\/b><\/h5>\n<p>Ocupante do cargo efetivo de Tesoureiro.<\/p>\n<p>Graduado em Ci\u00eancia Cont\u00e1beis formado pela UNIP, p\u00f3s graduado em Direito Previdenci\u00e1rio pela xxxx , p\u00f3s graduado em Regime de Previd\u00eancia Social pela xxx. Certificado DIRIG III e CGINV III pelo Instituto TOTUM.<\/p>\n","protected":false},"excerpt":{"rendered":"<p>Diretoria Executiva Superintend\u00eancia Heverton\u00a0Candido de Paiva Ocupante do cargo efetivo de Tesoureiro. Graduado em Ci\u00eancia Cont\u00e1beis formado pela UNIP, p\u00f3s graduado em Direito Previdenci\u00e1rio pela xxxx , p\u00f3s graduado em Regime de Previd\u00eancia Social pela xxx. Certificado DIRIG III e CGINV III pelo Instituto TOTUM.<\/p>\n","protected":false},"author":2,"featured_media":0,"parent":0,"menu_order":0,"comment_status":"closed","ping_status":"closed","template":"","meta":{"footnotes":""},"class_list":["post-1906","page","type-page","status-publish","hentry"],"featured_media_urls":[],"_links":{"self":[{"href":"https:\/\/teste.vtec.net.br\/index.php\/wp-json\/wp\/v2\/pages\/1906","targetHints":{"allow":["GET"]}}],"collection":[{"href":"https:\/\/teste.vtec.net.br\/index.php\/wp-json\/wp\/v2\/pages"}],"about":[{"href":"https:\/\/teste.vtec.net.br\/index.php\/wp-json\/wp\/v2\/types\/page"}],"author":[{"embeddable":true,"href":"https:\/\/teste.vtec.net.br\/index.php\/wp-json\/wp\/v2\/users\/2"}],"replies":[{"embeddable":true,"href":"https:\/\/teste.vtec.net.br\/index.php\/wp-json\/wp\/v2\/comments?post=1906"}],"version-history":[{"count":0,"href":"https:\/\/teste.vtec.net.br\/index.php\/wp-json\/wp\/v2\/pages\/1906\/revisions"}],"wp:attachment":[{"href":"https:\/\/teste.vtec.net.br\/index.php\/wp-json\/wp\/v2\/media?parent=1906"}],"curies":[{"name":"wp","href":"https:\/\/api.w.org\/{rel}","templated":true}]}}