{"id":3293,"date":"2026-01-11T18:11:10","date_gmt":"2026-01-11T18:11:10","guid":{"rendered":"https:\/\/teste.vtec.net.br\/?page_id=3293"},"modified":"2026-01-11T18:18:08","modified_gmt":"2026-01-11T18:18:08","slug":"3293-2","status":"publish","type":"page","link":"https:\/\/teste.vtec.net.br\/","title":{"rendered":""},"content":{"rendered":"\t\t<div data-elementor-type=\"wp-page\" data-elementor-id=\"3293\" class=\"elementor elementor-3293\">\n\t\t\t\t<div class=\"elementor-element elementor-element-92dab3b e-flex e-con-boxed e-con e-parent\" data-id=\"92dab3b\" data-element_type=\"container\" data-e-type=\"container\">\n\t\t\t\t\t<div class=\"e-con-inner\">\n\t\t\t\t<div class=\"elementor-element elementor-element-2887a21 elementor-widget elementor-widget-image\" data-id=\"2887a21\" data-element_type=\"widget\" data-e-type=\"widget\" data-widget_type=\"image.default\">\n\t\t\t\t\t\t\t\t\t\t\t\t\t\t\t<img fetchpriority=\"high\" decoding=\"async\" width=\"1024\" height=\"294\" src=\"https:\/\/teste.vtec.net.br\/wp-content\/uploads\/2026\/01\/ipremBanner-1024x294.png\" class=\"attachment-large size-large wp-image-3278\" alt=\"Iprem Banner\" srcset=\"https:\/\/teste.vtec.net.br\/wp-content\/uploads\/2026\/01\/ipremBanner-1024x294.png 1024w, https:\/\/teste.vtec.net.br\/wp-content\/uploads\/2026\/01\/ipremBanner-300x86.png 300w, https:\/\/teste.vtec.net.br\/wp-content\/uploads\/2026\/01\/ipremBanner-768x221.png 768w, https:\/\/teste.vtec.net.br\/wp-content\/uploads\/2026\/01\/ipremBanner-1536x442.png 1536w, https:\/\/teste.vtec.net.br\/wp-content\/uploads\/2026\/01\/ipremBanner-1100x316.png 1100w, https:\/\/teste.vtec.net.br\/wp-content\/uploads\/2026\/01\/ipremBanner-600x173.png 600w, https:\/\/teste.vtec.net.br\/wp-content\/uploads\/2026\/01\/ipremBanner-20x6.png 20w, https:\/\/teste.vtec.net.br\/wp-content\/uploads\/2026\/01\/ipremBanner.png 1600w\" sizes=\"(max-width: 1024px) 100vw, 1024px\" \/>\t\t\t\t\t\t\t\t\t\t\t\t\t\t\t<\/div>\n\t\t\t\t\t<\/div>\n\t\t\t\t<\/div>\n\t\t<div class=\"elementor-element elementor-element-a3a9eee e-flex e-con-boxed e-con e-parent\" data-id=\"a3a9eee\" data-element_type=\"container\" data-e-type=\"container\">\n\t\t\t\t\t<div class=\"e-con-inner\">\n\t\t\t\t<div class=\"elementor-element elementor-element-0abba0a elementor-widget elementor-widget-wpzoom-elementor-addons-posts-grid\" data-id=\"0abba0a\" data-element_type=\"widget\" data-e-type=\"widget\" data-widget_type=\"wpzoom-elementor-addons-posts-grid.default\">\n\t\t\t\t<div class=\"elementor-widget-container\">\n\t\t\t\t\t\t\t<div \n\t\t\tclass=\"wpz-grid\" \n\t\t\tdata-uid=\"0abba0a\"\n\t\t\tdata-offset=\"4\"\n\t\t\tdata-posts-grid='{\"posts_per_page\":4,\"post_status\":\"publish\",\"paged\":1,\"post__not_in\":[],\"ignore_sticky_posts\":true,\"category_name\":\"\",\"no_found_rows\":true,\"orderby\":\"post_date\",\"order\":\"desc\",\"offset\":4,\"show_image\":\"yes\",\"post_thumbnail_size\":\"full\",\"show_title\":\"yes\",\"title_tag\":\"h3\",\"meta_data\":[\"date\"],\"show_excerpt\":\"yes\",\"excerpt_length\":25,\"show_read_more\":\"yes\",\"read_more_text\":\"Leia mais ... \\u00bb\",\"grid_style\":\"7\",\"total\":0}'>\n\t\t\t\t\t\t<div class=\"wpz-grid-container elementor-grid wpz-grid-desktop-3  wpz-grid-tablet-2  wpz-grid-mobile-1  grid-list-layout\">\n\t\t\t\t\n        <article id=\"post-3213\" class=\"wpz-post post-3213 post type-post status-publish format-standard has-post-thumbnail hentry category-destaque\">\n         \n            <div class=\"post-grid-inner\">\n            \t\n                                                <div class=\"post-grid-thumbnail-wrap\">\n                    \t\t\t<div class=\"post-grid-thumbnail\">\n\t\t\t\t<a href=\"https:\/\/teste.vtec.net.br\/index.php\/2025\/12\/16\/aviso-de-dispensa-de-licitacao\/\" title=\"AVISO DE DISPENSA DE LICITA\u00c7\u00c3O\">\n\t\t\t\t\t<img decoding=\"async\" width=\"340\" height=\"178\" src=\"https:\/\/teste.vtec.net.br\/wp-content\/uploads\/2025\/02\/BannerDispensaIPREM-1.png\" class=\"attachment-full size-full wp-post-image\" alt=\"\" srcset=\"https:\/\/teste.vtec.net.br\/wp-content\/uploads\/2025\/02\/BannerDispensaIPREM-1.png 340w, https:\/\/teste.vtec.net.br\/wp-content\/uploads\/2025\/02\/BannerDispensaIPREM-1-300x157.png 300w, https:\/\/teste.vtec.net.br\/wp-content\/uploads\/2025\/02\/BannerDispensaIPREM-1-20x10.png 20w\" sizes=\"(max-width: 340px) 100vw, 340px\" \/>\t\t\t\t<\/a>\n\t\t\t<\/div>\n\t\t                <\/div>\n                \n                <div class=\"post-grid-content-wrap\">\n               \t\t\t\t<h3 class=\"title\">\n\t\t\t<a href=\"https:\/\/teste.vtec.net.br\/index.php\/2025\/12\/16\/aviso-de-dispensa-de-licitacao\/\" title=\"AVISO DE DISPENSA DE LICITA\u00c7\u00c3O\">AVISO DE DISPENSA DE LICITA\u00c7\u00c3O<\/a>\n\t\t<\/h3>\n\t\t\t                \t\t<div class=\"post-grid-meta\">\n\t\t\t<span class=\"post-date\">dezembro 16, 2025<\/span>\t\t<\/div>\n\t\t\t                <div class=\"post-grid-excerpt\"><p>1 O INSTITUTO DE PREVID\u00caNCIA MUNICIPAL DE BURITAMA-IPREM, situado a Rua JoaquimPereira Rosa n\u00ba. 600, bairro Centro, no Munic\u00edpio de Buritama, Estado de S\u00e3o Paulo,&hellip;<\/p>\n<\/div>\t                <a class=\"read-more-btn\" href=\"https:\/\/teste.vtec.net.br\/index.php\/2025\/12\/16\/aviso-de-dispensa-de-licitacao\/\">Leia mais ... \u00bb<\/a>                <\/div>\n\n            <\/div>\n           \n        <\/article>\n\n        \n        <article id=\"post-1984\" class=\"wpz-post post-1984 post type-post status-publish format-standard has-post-thumbnail hentry category-destaque category-importante\">\n         \n            <div class=\"post-grid-inner\">\n            \t\n                                                <div class=\"post-grid-thumbnail-wrap\">\n                    \t\t\t<div class=\"post-grid-thumbnail\">\n\t\t\t\t<a href=\"https:\/\/teste.vtec.net.br\/index.php\/2025\/06\/09\/edital-de-convocacao-audiencia-publica-anual\/\" title=\"EDITAL DE CONVOCA\u00c7\u00c3O &#8211; AUDI\u00caNCIA P\u00daBLICA ANUAL &#8211;\">\n\t\t\t\t\t<img decoding=\"async\" width=\"1024\" height=\"1280\" src=\"https:\/\/teste.vtec.net.br\/wp-content\/uploads\/2025\/06\/Convite-2025-2.jpeg\" class=\"attachment-full size-full wp-post-image\" alt=\"\" srcset=\"https:\/\/teste.vtec.net.br\/wp-content\/uploads\/2025\/06\/Convite-2025-2.jpeg 1024w, https:\/\/teste.vtec.net.br\/wp-content\/uploads\/2025\/06\/Convite-2025-2-240x300.jpeg 240w, https:\/\/teste.vtec.net.br\/wp-content\/uploads\/2025\/06\/Convite-2025-2-819x1024.jpeg 819w, https:\/\/teste.vtec.net.br\/wp-content\/uploads\/2025\/06\/Convite-2025-2-768x960.jpeg 768w, https:\/\/teste.vtec.net.br\/wp-content\/uploads\/2025\/06\/Convite-2025-2-600x750.jpeg 600w, https:\/\/teste.vtec.net.br\/wp-content\/uploads\/2025\/06\/Convite-2025-2-20x25.jpeg 20w\" sizes=\"(max-width: 1024px) 100vw, 1024px\" \/>\t\t\t\t<\/a>\n\t\t\t<\/div>\n\t\t                <\/div>\n                \n                <div class=\"post-grid-content-wrap\">\n               \t\t\t\t<h3 class=\"title\">\n\t\t\t<a href=\"https:\/\/teste.vtec.net.br\/index.php\/2025\/06\/09\/edital-de-convocacao-audiencia-publica-anual\/\" title=\"EDITAL DE CONVOCA\u00c7\u00c3O &#8211; AUDI\u00caNCIA P\u00daBLICA ANUAL &#8211;\">EDITAL DE CONVOCA\u00c7\u00c3O &#8211; AUDI\u00caNCIA P\u00daBLICA ANUAL &#8211;<\/a>\n\t\t<\/h3>\n\t\t\t                \t\t<div class=\"post-grid-meta\">\n\t\t\t<span class=\"post-date\">junho 9, 2025<\/span>\t\t<\/div>\n\t\t\t                <div class=\"post-grid-excerpt\"><p>Confira o documento<\/p>\n<\/div>\t                <a class=\"read-more-btn\" href=\"https:\/\/teste.vtec.net.br\/index.php\/2025\/06\/09\/edital-de-convocacao-audiencia-publica-anual\/\">Leia mais ... \u00bb<\/a>                <\/div>\n\n            <\/div>\n           \n        <\/article>\n\n        \n        <article id=\"post-1959\" class=\"wpz-post post-1959 post type-post status-publish format-standard has-post-thumbnail hentry category-destaque category-noticias\">\n         \n            <div class=\"post-grid-inner\">\n            \t\n                                                <div class=\"post-grid-thumbnail-wrap\">\n                    \t\t\t<div class=\"post-grid-thumbnail\">\n\t\t\t\t<a href=\"https:\/\/teste.vtec.net.br\/index.php\/2025\/02\/26\/aviso-de-dispensa-de-licitacao-iprem\/\" title=\"AVISO DE DISPENSA DE LICITA\u00c7\u00c3O &#8211; IPREM\">\n\t\t\t\t\t<img decoding=\"async\" width=\"340\" height=\"178\" src=\"https:\/\/teste.vtec.net.br\/wp-content\/uploads\/2025\/02\/BannerDispensaIPREM-1.png\" class=\"attachment-full size-full wp-post-image\" alt=\"\" srcset=\"https:\/\/teste.vtec.net.br\/wp-content\/uploads\/2025\/02\/BannerDispensaIPREM-1.png 340w, https:\/\/teste.vtec.net.br\/wp-content\/uploads\/2025\/02\/BannerDispensaIPREM-1-300x157.png 300w, https:\/\/teste.vtec.net.br\/wp-content\/uploads\/2025\/02\/BannerDispensaIPREM-1-20x10.png 20w\" sizes=\"(max-width: 340px) 100vw, 340px\" \/>\t\t\t\t<\/a>\n\t\t\t<\/div>\n\t\t                <\/div>\n                \n                <div class=\"post-grid-content-wrap\">\n               \t\t\t\t<h3 class=\"title\">\n\t\t\t<a href=\"https:\/\/teste.vtec.net.br\/index.php\/2025\/02\/26\/aviso-de-dispensa-de-licitacao-iprem\/\" title=\"AVISO DE DISPENSA DE LICITA\u00c7\u00c3O &#8211; IPREM\">AVISO DE DISPENSA DE LICITA\u00c7\u00c3O &#8211; IPREM<\/a>\n\t\t<\/h3>\n\t\t\t                \t\t<div class=\"post-grid-meta\">\n\t\t\t<span class=\"post-date\">fevereiro 26, 2025<\/span>\t\t<\/div>\n\t\t\t                <div class=\"post-grid-excerpt\"><p>Clique aqui para ver os editais<\/p>\n<\/div>\t                <a class=\"read-more-btn\" href=\"https:\/\/teste.vtec.net.br\/index.php\/2025\/02\/26\/aviso-de-dispensa-de-licitacao-iprem\/\">Leia mais ... \u00bb<\/a>                <\/div>\n\n            <\/div>\n           \n        <\/article>\n\n        \n        <article id=\"post-1703\" class=\"wpz-post post-1703 post type-post status-publish format-standard has-post-thumbnail hentry category-noticias\">\n         \n            <div class=\"post-grid-inner\">\n            \t\n                                                <div class=\"post-grid-thumbnail-wrap\">\n                    \t\t\t<div class=\"post-grid-thumbnail\">\n\t\t\t\t<a href=\"https:\/\/teste.vtec.net.br\/index.php\/2024\/07\/17\/audiencia-publica\/\" title=\"Audi\u00eancia P\u00fablica\">\n\t\t\t\t\t<img loading=\"lazy\" decoding=\"async\" width=\"1066\" height=\"1600\" src=\"https:\/\/teste.vtec.net.br\/wp-content\/uploads\/2024\/07\/WhatsApp-Image-2024-07-17-at-10.11.18-1.jpeg\" class=\"attachment-full size-full wp-post-image\" alt=\"\" srcset=\"https:\/\/teste.vtec.net.br\/wp-content\/uploads\/2024\/07\/WhatsApp-Image-2024-07-17-at-10.11.18-1.jpeg 1066w, https:\/\/teste.vtec.net.br\/wp-content\/uploads\/2024\/07\/WhatsApp-Image-2024-07-17-at-10.11.18-1-200x300.jpeg 200w, https:\/\/teste.vtec.net.br\/wp-content\/uploads\/2024\/07\/WhatsApp-Image-2024-07-17-at-10.11.18-1-682x1024.jpeg 682w, https:\/\/teste.vtec.net.br\/wp-content\/uploads\/2024\/07\/WhatsApp-Image-2024-07-17-at-10.11.18-1-768x1153.jpeg 768w, https:\/\/teste.vtec.net.br\/wp-content\/uploads\/2024\/07\/WhatsApp-Image-2024-07-17-at-10.11.18-1-1023x1536.jpeg 1023w, https:\/\/teste.vtec.net.br\/wp-content\/uploads\/2024\/07\/WhatsApp-Image-2024-07-17-at-10.11.18-1-600x901.jpeg 600w, https:\/\/teste.vtec.net.br\/wp-content\/uploads\/2024\/07\/WhatsApp-Image-2024-07-17-at-10.11.18-1-20x30.jpeg 20w\" sizes=\"(max-width: 1066px) 100vw, 1066px\" \/>\t\t\t\t<\/a>\n\t\t\t<\/div>\n\t\t                <\/div>\n                \n                <div class=\"post-grid-content-wrap\">\n               \t\t\t\t<h3 class=\"title\">\n\t\t\t<a href=\"https:\/\/teste.vtec.net.br\/index.php\/2024\/07\/17\/audiencia-publica\/\" title=\"Audi\u00eancia P\u00fablica\">Audi\u00eancia P\u00fablica<\/a>\n\t\t<\/h3>\n\t\t\t                \t\t<div class=\"post-grid-meta\">\n\t\t\t<span class=\"post-date\">julho 17, 2024<\/span>\t\t<\/div>\n\t\t\t                <div class=\"post-grid-excerpt\"><p>Presta\u00e7\u00e3o de contas 2024, referente ao exerc\u00edcio de 2023<\/p>\n<\/div>\t                <a class=\"read-more-btn\" href=\"https:\/\/teste.vtec.net.br\/index.php\/2024\/07\/17\/audiencia-publica\/\">Leia mais ... \u00bb<\/a>                <\/div>\n\n            <\/div>\n           \n        <\/article>\n\n        \t\t\t<\/div>\n\n\t\t\t\t\t\t\t\t\n\t\t<\/div><!-- \/\/.wpz-grid -->\n\t\t\t\t\t\t<\/div>\n\t\t\t\t<\/div>\n\t\t\t\t\t<\/div>\n\t\t\t\t<\/div>\n\t\t\t\t<\/div>\n\t\t","protected":false},"excerpt":{"rendered":"<p>AVISO DE DISPENSA DE LICITA\u00c7\u00c3O dezembro 16, 2025 1 O INSTITUTO DE PREVID\u00caNCIA MUNICIPAL DE BURITAMA-IPREM, situado a Rua JoaquimPereira Rosa n\u00ba. 600, bairro Centro, no Munic\u00edpio de Buritama, Estado de S\u00e3o Paulo, TORNAP\u00daBLICO, a Dispensa de Licita\u00e7\u00e3o, com crit\u00e9rio de julgamento (menor pre\u00e7o mensal), nahip\u00f3tese do art. 75, inciso II e \u00a7 3\u00ba da [&hellip;]<\/p>\n","protected":false},"author":1,"featured_media":0,"parent":0,"menu_order":0,"comment_status":"closed","ping_status":"closed","template":"","meta":{"footnotes":""},"class_list":["post-3293","page","type-page","status-publish","hentry"],"featured_media_urls":[],"_links":{"self":[{"href":"https:\/\/teste.vtec.net.br\/index.php\/wp-json\/wp\/v2\/pages\/3293","targetHints":{"allow":["GET"]}}],"collection":[{"href":"https:\/\/teste.vtec.net.br\/index.php\/wp-json\/wp\/v2\/pages"}],"about":[{"href":"https:\/\/teste.vtec.net.br\/index.php\/wp-json\/wp\/v2\/types\/page"}],"author":[{"embeddable":true,"href":"https:\/\/teste.vtec.net.br\/index.php\/wp-json\/wp\/v2\/users\/1"}],"replies":[{"embeddable":true,"href":"https:\/\/teste.vtec.net.br\/index.php\/wp-json\/wp\/v2\/comments?post=3293"}],"version-history":[{"count":4,"href":"https:\/\/teste.vtec.net.br\/index.php\/wp-json\/wp\/v2\/pages\/3293\/revisions"}],"predecessor-version":[{"id":3298,"href":"https:\/\/teste.vtec.net.br\/index.php\/wp-json\/wp\/v2\/pages\/3293\/revisions\/3298"}],"wp:attachment":[{"href":"https:\/\/teste.vtec.net.br\/index.php\/wp-json\/wp\/v2\/media?parent=3293"}],"curies":[{"name":"wp","href":"https:\/\/api.w.org\/{rel}","templated":true}]}}